{"id":5734,"date":"2022-08-31T13:58:09","date_gmt":"2022-08-31T13:58:09","guid":{"rendered":"https:\/\/select-benefits-integration-cmat.com\/?page_id=5734"},"modified":"2025-06-11T21:32:22","modified_gmt":"2025-06-11T21:32:22","slug":"regime-de-retraite-de-cmat","status":"publish","type":"page","link":"https:\/\/select-benefits-integration-cmat.com\/fr\/regime-de-retraite-de-cmat\/","title":{"rendered":"R\u00e9gime de retraite de CMAT"},"content":{"rendered":"<p>[vc_row css=\u00a0\u00bb.vc_custom_1657223677205{padding-bottom: 20px !important;}\u00a0\u00bb el_class=\u00a0\u00bbwhats-new-section1 hidden-icon-list-wrapper\u00a0\u00bb][vc_column width=\u00a0\u00bb1\/2&Prime; el_class=\u00a0\u00bbwhats-new-section1-text\u00a0\u00bb][vc_column_text]Le r\u00e9gime de retraite de CMAT offre aux employ\u00e9s de choisir entre deux options, soit un r\u00e9gime de retraite \u00e0 prestations d\u00e9termin\u00e9es incluant un volet optionnel \u00e0 cotisations d\u00e9termin\u00e9es (option PD\/CD) ou un r\u00e9gime \u00e0 cotisations d\u00e9termin\u00e9es (option CD seulement).<\/p>\n<p>Un r\u00e9gime \u00e0 prestations d\u00e9termin\u00e9es (PD) signifie que, durant votre retraite, vous recevrez une rente mensuelle dont le montant est calcul\u00e9 selon une formule pr\u00e9\u00e9tablie qui tient compte de vos ann\u00e9es de service reconnu et de votre salaire moyen. Il appartient \u00e0 CAE de verser \u00e0 la caisse de retraite toutes les sommes n\u00e9cessaires pour s&rsquo;assurer que, avec les cotisations des membres et les rendements des placements, la caisse sera suffisante pour assurer le paiement des rentes de tous les participants du r\u00e9gime.<\/p>\n<p>Un r\u00e9gime \u00e0 cotisations d\u00e9termin\u00e9es (CD) est un type de r\u00e9gime de retraite o\u00f9 le membre et CAE cotisent de fa\u00e7on continue. Les placements sont principalement dirig\u00e9s par vous, le participant, \u00e0 partir des options mises \u00e0 votre disposition dans le r\u00e9gime.<\/p>\n<p>La rente mensuelle fournie par le r\u00e9gime PD ou les cotisations et les rendements des placements effectu\u00e9s dans le r\u00e9gime CD, combin\u00e9e aux prestations gouvernementales et \u00e0 votre \u00e9pargne personnelle, vous aideront \u00e0 atteindre le niveau de vie que vous d\u00e9sirez durant votre retraite.<\/p>\n<div class=\"CAE-EEE-checklist vntd-icon-list icon-list-simple icon-list-basic icon-list-color-accent\">\n<ul class=\"icon-list\">\n<li><i class=\"fas fa-check color-accent\"><\/i>La participation au r\u00e9gime est obligatoire, et vous pouvez y adh\u00e9rer apr\u00e8s avoir compl\u00e9t\u00e9 quatre semaines de service continu si vous \u00eates un employ\u00e9 permanent ou temporaire. Pour les employ\u00e9s sur appel, vous devez adh\u00e9rer au r\u00e9gime le 1er janvier suivant l\u2019ann\u00e9e durant laquelle vous r\u00e9pondez aux exigences de la l\u00e9gislation f\u00e9d\u00e9rale:\n<ul>\n<li><i class=\"far fa-circle color-accent cae-circle\"><\/i>Employ\u00e9s \u00e0 temps plein : 2 ans de service continu<\/li>\n<li><i class=\"far fa-circle color-accent cae-circle\"><\/i>Employ\u00e9s \u00e0 temps partiel : 2 ans de service continu et des gains annuels d\u2019au moins 35 % du MGAP au cours de chacune des 2 ann\u00e9es calendrier cons\u00e9cutives pr\u00e9c\u00e9dant imm\u00e9diatement l\u2019adh\u00e9sion<\/li>\n<\/ul>\n<\/li>\n<li><i class=\"fas fa-check color-accent\"><\/i>Lors de votre adh\u00e9sion, vous devrez prendre une d\u00e9cision irr\u00e9vocable entre l&rsquo;option PD\/CD et l&rsquo;option CD seulement. Si vous ne prenez pas de d\u00e9cision, vous serez automatiquement inscrit \u00e0 l&rsquo;option CD seulement sans possibilit\u00e9 de changer d&rsquo;option.<\/li>\n<li><i class=\"fas fa-check color-accent\"><\/i>Vous recevrez un courriel vous invitant \u00e0 vous inscrire.<\/li>\n<li><i class=\"fas fa-check color-accent\"><\/i>Notez qu\u2019\u00e0 partir du moment o\u00f9 vous deviendrez un participant, vous devrez continuer \u00e0 verser vos cotisations obligatoires tant que vous serez un employ\u00e9 actif de CAE.<\/li>\n<li><i class=\"fas fa-check color-accent\"><\/i>Vous pouvez suspendre ou modifier vos cotisations additionnelles ou suppl\u00e9mentaires en tout temps.<\/li>\n<li>Les montants de cotisations d\u00e9pendent de votre option de r\u00e9gime choisie.<i class=\"fas fa-check color-accent\"><\/i><\/li>\n<li><i class=\"fas fa-check color-accent\"><\/i>N\u2019oubliez pas que la participation au r\u00e9gime aura une incidence sur votre maximum d\u00e9ductible au titre des REER.<\/li>\n<\/ul>\n<\/div>\n<p>[\/vc_column_text]<div class=\"vntd-icon-list icon-list-simple icon-list-basic icon-list-color-accent\"><ul class=\"icon-list\"><li><i class=\"fas fa-info-circle color-accent\"><\/i><\/li><\/ul><\/div>[\/vc_column][vc_column width=\u00a0\u00bb1\/2&Prime; el_class=\u00a0\u00bbCAE-BP-programs DBPP-img\u00a0\u00bb][vc_single_image image=\u00a0\u00bb5464&Prime; alignment=\u00a0\u00bbcenter\u00a0\u00bb][vc_column_text css=\u00a0\u00bb.vc_custom_1749677533375{padding-right: 30px !important;padding-left: 30px !important;}\u00a0\u00bb]<\/p>\n<div class=\"CAE-important-notice\">\n<p>Apprenez en plus avec la <strong><a href=\"https:\/\/select-benefits-integration-cmat.com\/wp-content\/uploads\/2025\/06\/Presentation_Retirement-Plan-for-Employees-of-the-CAE-Military_2025.pdf\" target=\"_blank\" rel=\"noopener\">pr\u00e9sentation sur le r\u00e9gime de retraite de CMAT<\/a> <\/strong>(en anglais seulement).<br \/>\nVoyez plus de d\u00e9tails dans la <strong><a href=\"https:\/\/select-benefits-integration-cmat.com\/wp-content\/uploads\/2024\/09\/CMAT-Pension-plan-booklet.pdf\" target=\"_blank\" rel=\"noopener\">brochure du r\u00e9gime de retraite<\/a><\/strong> (en anglais seulement).<\/p>\n<\/div>\n<p>[\/vc_column_text][\/vc_column][\/vc_row]<\/p>\n","protected":false},"excerpt":{"rendered":"<p>[vc_row css=\u00a0\u00bb.vc_custom_1657223677205{padding-bottom: 20px !important;}\u00a0\u00bb el_class=\u00a0\u00bbwhats-new-section1 hidden-icon-list-wrapper\u00a0\u00bb][vc_column width=\u00a0\u00bb1\/2&Prime; el_class=\u00a0\u00bbwhats-new-section1-text\u00a0\u00bb][vc_column_text]Le r\u00e9gime de retraite de CMAT offre aux employ\u00e9s de choisir entre deux options, soit un r\u00e9gime de retraite \u00e0 prestations d\u00e9termin\u00e9es incluant un volet optionnel \u00e0 cotisations d\u00e9termin\u00e9es (option PD\/CD) ou un r\u00e9gime \u00e0 cotisations d\u00e9termin\u00e9es (option CD seulement). Un r\u00e9gime \u00e0 [&hellip;]<\/p>\n","protected":false},"author":1,"featured_media":0,"parent":0,"menu_order":0,"comment_status":"closed","ping_status":"closed","template":"","meta":{"om_disable_all_campaigns":false,"footnotes":""},"class_list":["post-5734","page","type-page","status-publish","hentry"],"aioseo_notices":[],"jetpack_sharing_enabled":true,"_links":{"self":[{"href":"https:\/\/select-benefits-integration-cmat.com\/fr\/wp-json\/wp\/v2\/pages\/5734","targetHints":{"allow":["GET"]}}],"collection":[{"href":"https:\/\/select-benefits-integration-cmat.com\/fr\/wp-json\/wp\/v2\/pages"}],"about":[{"href":"https:\/\/select-benefits-integration-cmat.com\/fr\/wp-json\/wp\/v2\/types\/page"}],"author":[{"embeddable":true,"href":"https:\/\/select-benefits-integration-cmat.com\/fr\/wp-json\/wp\/v2\/users\/1"}],"replies":[{"embeddable":true,"href":"https:\/\/select-benefits-integration-cmat.com\/fr\/wp-json\/wp\/v2\/comments?post=5734"}],"version-history":[{"count":11,"href":"https:\/\/select-benefits-integration-cmat.com\/fr\/wp-json\/wp\/v2\/pages\/5734\/revisions"}],"predecessor-version":[{"id":6750,"href":"https:\/\/select-benefits-integration-cmat.com\/fr\/wp-json\/wp\/v2\/pages\/5734\/revisions\/6750"}],"wp:attachment":[{"href":"https:\/\/select-benefits-integration-cmat.com\/fr\/wp-json\/wp\/v2\/media?parent=5734"}],"curies":[{"name":"wp","href":"https:\/\/api.w.org\/{rel}","templated":true}]}}