{"id":5776,"date":"2022-08-31T16:27:00","date_gmt":"2022-08-31T16:27:00","guid":{"rendered":"https:\/\/select-benefits-integration-cmat.com\/?page_id=5776"},"modified":"2026-04-15T14:51:40","modified_gmt":"2026-04-15T14:51:40","slug":"nous-joindre","status":"publish","type":"page","link":"https:\/\/select-benefits-integration-cmat.com\/fr\/nous-joindre\/","title":{"rendered":"Nous joindre"},"content":{"rendered":"<p>[vc_row][vc_column width=\u00a0\u00bb2\/3&Prime;][vc_column_text]Si vous avez des questions sur les programmes de CAE, contactez le centre d\u2019appels des avantages sociaux de CAE au 1-888-878-9636.<\/p>\n<p>Des agents ayant re\u00e7u une formation sp\u00e9ciale sur les r\u00e9gimes d\u2019avantages sociaux de CAE sont \u00e0 votre service du lundi au vendredi de 8 h \u00e0 20 h, heure de l\u2019Est.<\/p>\n<table class=\"cae-contact-chart\">\n<tbody>\n<tr>\n<td><strong>Programme d&rsquo;aide aux employ\u00e9s:<\/strong><\/td>\n<td colspan=\"2\"><span data-olk-copy-source=\"MessageBody\">Option <\/span>1<\/td>\n<\/tr>\n<tr>\n<td><strong>R\u00e9gime d&rsquo;assurance collective: <\/strong><\/td>\n<td><strong><u>Administrateur (SEB)<\/u><\/strong><\/p>\n<p>Appuyez sur 2 pour l&rsquo;assurance collective, puis sur 1 pour parler \u00e0 l&rsquo;administrateur.<br \/>\n<strong>Exemple<\/strong> :<\/p>\n<ul>\n<li>Question concernant votre <strong>acc\u00e8s CAE MesAvantages<\/strong>.<\/li>\n<li>Question concernant un <strong>\u00e9v\u00e9nement de la vie<\/strong> ;<\/li>\n<li>Question concernant les <strong>outils<\/strong> ou les <strong>formulaires<\/strong> sur la plateforme.<\/li>\n<\/ul>\n<\/td>\n<td><strong><u>Assureur (Sun Life)<\/u><\/strong><br \/>\nAppuyez sur 2 pour l&rsquo;assurance collective, puis sur 2 pour parler \u00e0 l&rsquo;assureur.<br \/>\n<strong>Exemple<\/strong> :<\/p>\n<ul>\n<li>Demandes de renseignements concernant tous les <strong>types de r\u00e9clamations<\/strong>.<\/li>\n<li>Acc\u00e8s \u00e0 votre <strong>profil Sun Life<\/strong>.<\/li>\n<\/ul>\n<\/td>\n<\/tr>\n<tr>\n<td><strong>R\u00e9gime de retraite: <\/strong><\/td>\n<td colspan=\"2\"><span data-olk-copy-source=\"MessageBody\">Option <\/span>3<\/td>\n<\/tr>\n<tr>\n<td><strong>REER et CELI collectifs:<\/strong><\/td>\n<td colspan=\"2\"><span data-olk-copy-source=\"MessageBody\">Option <\/span>4<\/td>\n<\/tr>\n<tr>\n<td><strong>R\u00e9gime d&rsquo;achat d&rsquo;actions du personnel:<\/strong><\/td>\n<td colspan=\"2\"><span data-olk-copy-source=\"MessageBody\">Option <\/span>5<\/td>\n<\/tr>\n<\/tbody>\n<\/table>\n<p>[\/vc_column_text][\/vc_column][vc_column width=\u00a0\u00bb1\/3&Prime;][vc_single_image image=\u00a0\u00bb5726&Prime;][vc_column_text]<\/p>\n<div class=\"CAE-important-notice\">\n<p>Si vous \u00eates en p\u00e9riode de renouvellement et que vous avez des questions concernant les couvertures ou l&rsquo;outil de renouvellement, contactez l&rsquo;administrateur de l&rsquo;assurance collective (SEB) via le centre d&rsquo;appels CAE au <strong>1-888-878-9636<\/strong>. Apr\u00e8s avoir s\u00e9lectionn\u00e9 votre langue, <strong>choisissez l&rsquo;option 2, puis l&rsquo;option 1<\/strong>.<\/p>\n<\/div>\n<p>[\/vc_column_text][\/vc_column][\/vc_row]<\/p>\n","protected":false},"excerpt":{"rendered":"<p>[vc_row][vc_column width=\u00a0\u00bb2\/3&Prime;][vc_column_text]Si vous avez des questions sur les programmes de CAE, contactez le centre d\u2019appels des avantages sociaux de CAE au 1-888-878-9636. Des agents ayant re\u00e7u une formation sp\u00e9ciale sur les r\u00e9gimes d\u2019avantages sociaux de CAE sont \u00e0 votre service du lundi au vendredi de 8 h \u00e0 20 h, [&hellip;]<\/p>\n","protected":false},"author":1,"featured_media":0,"parent":0,"menu_order":0,"comment_status":"closed","ping_status":"closed","template":"","meta":{"om_disable_all_campaigns":false,"footnotes":""},"class_list":["post-5776","page","type-page","status-publish","hentry"],"aioseo_notices":[],"jetpack_sharing_enabled":true,"_links":{"self":[{"href":"https:\/\/select-benefits-integration-cmat.com\/fr\/wp-json\/wp\/v2\/pages\/5776","targetHints":{"allow":["GET"]}}],"collection":[{"href":"https:\/\/select-benefits-integration-cmat.com\/fr\/wp-json\/wp\/v2\/pages"}],"about":[{"href":"https:\/\/select-benefits-integration-cmat.com\/fr\/wp-json\/wp\/v2\/types\/page"}],"author":[{"embeddable":true,"href":"https:\/\/select-benefits-integration-cmat.com\/fr\/wp-json\/wp\/v2\/users\/1"}],"replies":[{"embeddable":true,"href":"https:\/\/select-benefits-integration-cmat.com\/fr\/wp-json\/wp\/v2\/comments?post=5776"}],"version-history":[{"count":10,"href":"https:\/\/select-benefits-integration-cmat.com\/fr\/wp-json\/wp\/v2\/pages\/5776\/revisions"}],"predecessor-version":[{"id":7490,"href":"https:\/\/select-benefits-integration-cmat.com\/fr\/wp-json\/wp\/v2\/pages\/5776\/revisions\/7490"}],"wp:attachment":[{"href":"https:\/\/select-benefits-integration-cmat.com\/fr\/wp-json\/wp\/v2\/media?parent=5776"}],"curies":[{"name":"wp","href":"https:\/\/api.w.org\/{rel}","templated":true}]}}